{"id":945,"date":"2020-05-23T23:01:22","date_gmt":"2020-05-23T21:01:22","guid":{"rendered":"http:\/\/atelierdufrancais.com.tr\/boutique\/"},"modified":"2020-05-25T19:29:48","modified_gmt":"2020-05-25T17:29:48","slug":"boutique","status":"publish","type":"page","link":"https:\/\/atelierdufrancais.com.tr\/tr\/boutique\/","title":{"rendered":"Cours \u00e0 emporter"},"content":{"rendered":"<p>[et_pb_section fb_built=\u00a0\u00bb1&Prime; fullwidth=\u00a0\u00bbon\u00a0\u00bb disabled_on=\u00a0\u00bboff|off|off\u00a0\u00bb admin_label=\u00a0\u00bbHero\u00a0\u00bb _builder_version=\u00a0\u00bb4.4.7&Prime; background_color=\u00a0\u00bb#1f1f1f\u00a0\u00bb parallax=\u00a0\u00bbon\u00a0\u00bb custom_padding=\u00a0\u00bb|||\u00a0\u00bb transparent_background=\u00a0\u00bbon\u00a0\u00bb][et_pb_fullwidth_header title=\u00a0\u00bbLes cours \u00e0 emporter\u00a0\u00bb text_orientation=\u00a0\u00bbcenter\u00a0\u00bb background_overlay_color=\u00a0\u00bbrgba(31,31,31,0.85)\u00a0\u00bb subhead_font_color=\u00a0\u00bb#bebebe\u00a0\u00bb _builder_version=\u00a0\u00bb3.16&Prime; title_font=\u00a0\u00bbPlayfair Display||||\u00a0\u00bb title_text_color=\u00a0\u00bb#ffffff\u00a0\u00bb title_font_size=\u00a0\u00bb72px\u00a0\u00bb title_line_height=\u00a0\u00bb1.3em\u00a0\u00bb content_font=\u00a0\u00bbMontserrat||||\u00a0\u00bb content_text_color=\u00a0\u00bb#bfbfbf\u00a0\u00bb content_font_size=\u00a0\u00bb19px\u00a0\u00bb content_line_height=\u00a0\u00bb1.8em\u00a0\u00bb subhead_font=\u00a0\u00bbMontserrat||||\u00a0\u00bb subhead_text_color=\u00a0\u00bb#bebebe\u00a0\u00bb subhead_line_height=\u00a0\u00bb1.8em\u00a0\u00bb background_color=\u00a0\u00bbrgba(255, 255, 255, 0)\u00a0\u00bb background_image=\u00a0\u00bbhttp:\/\/atelierdufrancais.com.tr\/wp-content\/uploads\/2020\/05\/restaurant-hero-08.jpg\u00a0\u00bb parallax=\u00a0\u00bbon\u00a0\u00bb parallax_method=\u00a0\u00bbon\u00a0\u00bb max_width_tablet=\u00a0\u00bb50px\u00a0\u00bb custom_padding=\u00a0\u00bb5%||5%|\u00a0\u00bb animation_style=\u00a0\u00bbzoom\u00a0\u00bb animation_duration=\u00a0\u00bb1500ms\u00a0\u00bb animation_intensity_zoom=\u00a0\u00bb4%\u00a0\u00bb title_line_height_last_edited=\u00a0\u00bboff|desktop\u00a0\u00bb button_one_letter_spacing_hover=\u00a0\u00bb0&Prime; button_two_letter_spacing_hover=\u00a0\u00bb0&Prime; button_one_text_size__hover_enabled=\u00a0\u00bboff\u00a0\u00bb button_two_text_size__hover_enabled=\u00a0\u00bboff\u00a0\u00bb button_one_text_color__hover_enabled=\u00a0\u00bboff\u00a0\u00bb button_two_text_color__hover_enabled=\u00a0\u00bboff\u00a0\u00bb button_one_border_width__hover_enabled=\u00a0\u00bboff\u00a0\u00bb button_two_border_width__hover_enabled=\u00a0\u00bboff\u00a0\u00bb button_one_border_color__hover_enabled=\u00a0\u00bboff\u00a0\u00bb button_two_border_color__hover_enabled=\u00a0\u00bboff\u00a0\u00bb button_one_border_radius__hover_enabled=\u00a0\u00bboff\u00a0\u00bb button_two_border_radius__hover_enabled=\u00a0\u00bboff\u00a0\u00bb button_one_letter_spacing__hover_enabled=\u00a0\u00bbon\u00a0\u00bb button_one_letter_spacing__hover=\u00a0\u00bb0&Prime; button_two_letter_spacing__hover_enabled=\u00a0\u00bbon\u00a0\u00bb button_two_letter_spacing__hover=\u00a0\u00bb0&Prime; button_one_bg_color__hover_enabled=\u00a0\u00bboff\u00a0\u00bb button_two_bg_color__hover_enabled=\u00a0\u00bboff\u00a0\u00bb]<\/p>\n<p>&nbsp;<\/p>\n<p>Profitez de nos 10 ann\u00e9es d&rsquo;exp\u00e9rience dans l&rsquo;enseignement et d\u00e9couvrez des cours intelligents et fins sur des th\u00e8mes de g\u00e9nie.\u00a0\u00a0<\/p>\n<p>[\/et_pb_fullwidth_header][\/et_pb_section][et_pb_section fb_built=\u00a0\u00bb1&Prime; admin_label=\u00a0\u00bbShop\u00a0\u00bb _builder_version=\u00a0\u00bb4.4.7&Prime; background_color=\u00a0\u00bbrgba(0,0,0,0.03)\u00a0\u00bb background_size=\u00a0\u00bbinitial\u00a0\u00bb background_position=\u00a0\u00bbtop_left\u00a0\u00bb custom_padding=\u00a0\u00bb100px|0px|100px|0px\u00a0\u00bb collapsed=\u00a0\u00bboff\u00a0\u00bb][et_pb_row column_structure=\u00a0\u00bb3_4,1_4&Prime; _builder_version=\u00a0\u00bb4.4.7&Prime; hover_enabled=\u00a0\u00bb0&Prime;][et_pb_column type=\u00a0\u00bb3_4&Prime; _builder_version=\u00a0\u00bb4.4.7&Prime;][et_pb_shop type=\u00a0\u00bbproduct_category\u00a0\u00bb include_categories=\u00a0\u00bb42&Prime; _builder_version=\u00a0\u00bb4.4.7&Prime; hover_enabled=\u00a0\u00bb0&Prime; border_radii_image=\u00a0\u00bbon|20px|20px|20px|20px\u00a0\u00bb rating_text_align=\u00a0\u00bbcenter\u00a0\u00bb][\/et_pb_shop][et_pb_wc_rating _builder_version=\u00a0\u00bb4.4.7&Prime; product=\u00a0\u00bb1029&Prime; hover_enabled=\u00a0\u00bb0&Prime;][\/et_pb_wc_rating][\/et_pb_column][et_pb_column type=\u00a0\u00bb1_4&Prime; _builder_version=\u00a0\u00bb4.4.7&Prime;][et_pb_sidebar _builder_version=\u00a0\u00bb4.4.7&Prime; header_font=\u00a0\u00bb|||on|||||\u00a0\u00bb header_text_align=\u00a0\u00bbcenter\u00a0\u00bb header_text_color=\u00a0\u00bb#000000&Prime; header_font_size=\u00a0\u00bb39px\u00a0\u00bb text_orientation=\u00a0\u00bbcenter\u00a0\u00bb text_shadow_style=\u00a0\u00bbpreset4&Prime;][\/et_pb_sidebar][\/et_pb_column][\/et_pb_row][\/et_pb_section]<\/p>","protected":false},"excerpt":{"rendered":"<p>&nbsp; Profitez de nos 10 ann\u00e9es d&rsquo;exp\u00e9rience dans l&rsquo;enseignement et d\u00e9couvrez des cours intelligents et fins sur des th\u00e8mes de g\u00e9nie.\u00a0\u00a0<\/p>","protected":false},"author":1,"featured_media":0,"parent":0,"menu_order":0,"comment_status":"closed","ping_status":"closed","template":"","meta":{"_et_pb_use_builder":"on","_et_pb_old_content":"<!-- wp:woocommerce\/all-products {\"layoutConfig\":[[\"woocommerce\/product-image\",{\"productLink\":true,\"showSaleBadge\":true,\"saleBadgeAlign\":\"right\",\"children\":[]}],[\"woocommerce\/product-title\",{\"headingLevel\":2,\"productLink\":true,\"children\":[]}],[\"woocommerce\/product-price\",{\"children\":[]}],[\"woocommerce\/product-rating\",{\"children\":[]}],[\"woocommerce\/product-button\",{\"children\":[]}]]} -->\n<div class=\"wp-block-woocommerce-all-products wc-block-all-products\" data-attributes=\"{&quot;columns&quot;:3,&quot;rows&quot;:1,&quot;alignButtons&quot;:false,&quot;contentVisibility&quot;:{&quot;orderBy&quot;:true},&quot;orderby&quot;:&quot;date&quot;,&quot;layoutConfig&quot;:[[&quot;woocommerce\/product-image&quot;,{&quot;productLink&quot;:true,&quot;showSaleBadge&quot;:true,&quot;saleBadgeAlign&quot;:&quot;right&quot;,&quot;children&quot;:[]}],[&quot;woocommerce\/product-title&quot;,{&quot;headingLevel&quot;:2,&quot;productLink&quot;:true,&quot;children&quot;:[]}],[&quot;woocommerce\/product-price&quot;,{&quot;children&quot;:[]}],[&quot;woocommerce\/product-rating&quot;,{&quot;children&quot;:[]}],[&quot;woocommerce\/product-button&quot;,{&quot;children&quot;:[]}]],&quot;isPreview&quot;:false}\"><!-- wp:woocommerce\/product-image \/-->\n\n<!-- wp:woocommerce\/product-title \/-->\n\n<!-- wp:woocommerce\/product-price \/-->\n\n<!-- wp:woocommerce\/product-rating \/-->\n\n<!-- wp:woocommerce\/product-button \/--><\/div>\n<!-- \/wp:woocommerce\/all-products -->","_et_gb_content_width":"1080","footnotes":""},"class_list":["post-945","page","type-page","status-publish","hentry"],"aioseo_notices":[],"_links":{"self":[{"href":"https:\/\/atelierdufrancais.com.tr\/tr\/wp-json\/wp\/v2\/pages\/945","targetHints":{"allow":["GET"]}}],"collection":[{"href":"https:\/\/atelierdufrancais.com.tr\/tr\/wp-json\/wp\/v2\/pages"}],"about":[{"href":"https:\/\/atelierdufrancais.com.tr\/tr\/wp-json\/wp\/v2\/types\/page"}],"author":[{"embeddable":true,"href":"https:\/\/atelierdufrancais.com.tr\/tr\/wp-json\/wp\/v2\/users\/1"}],"replies":[{"embeddable":true,"href":"https:\/\/atelierdufrancais.com.tr\/tr\/wp-json\/wp\/v2\/comments?post=945"}],"version-history":[{"count":54,"href":"https:\/\/atelierdufrancais.com.tr\/tr\/wp-json\/wp\/v2\/pages\/945\/revisions"}],"predecessor-version":[{"id":1191,"href":"https:\/\/atelierdufrancais.com.tr\/tr\/wp-json\/wp\/v2\/pages\/945\/revisions\/1191"}],"wp:attachment":[{"href":"https:\/\/atelierdufrancais.com.tr\/tr\/wp-json\/wp\/v2\/media?parent=945"}],"curies":[{"name":"wp","href":"https:\/\/api.w.org\/{rel}","templated":true}]}}