{"id":51,"date":"2020-05-10T23:11:41","date_gmt":"2020-05-10T21:11:41","guid":{"rendered":"http:\/\/atelierdufrancais.com.tr\/?page_id=51"},"modified":"2020-05-20T13:07:25","modified_gmt":"2020-05-20T11:07:25","slug":"lequipe","status":"publish","type":"page","link":"https:\/\/atelierdufrancais.com.tr\/tr\/lequipe\/","title":{"rendered":"Ekibimiz"},"content":{"rendered":"<p>[et_pb_section fb_built=\u00a0\u00bb1&Prime; admin_label=\u00a0\u00bbAbout Us Section\u00a0\u00bb _builder_version=\u00a0\u00bb4.4.7&Prime; background_color=\u00a0\u00bb#0c71c3&Prime; use_background_color_gradient=\u00a0\u00bbon\u00a0\u00bb background_color_gradient_start=\u00a0\u00bb#DBF0F5 \u00a0\u00bb background_color_gradient_end=\u00a0\u00bb#ffffff\u00a0\u00bb custom_padding=\u00a0\u00bb103px|0px|110px|0px||\u00a0\u00bb link_option_url=\u00a0\u00bbwww.atelierdufrancais.com.tr\/a-propos\/\u00a0\u00bb hover_enabled=\u00a0\u00bb0&Prime; background_color_gradient_start_preview=\u00a0\u00bb#dbf0f5&Prime; background_color_gradient_end_preview=\u00a0\u00bb#dbf0f5&Prime;][et_pb_row column_structure=\u00a0\u00bb1_2,1_2&Prime; admin_label=\u00a0\u00bbRow\u00a0\u00bb _builder_version=\u00a0\u00bb4.4.6&Prime; module_alignment=\u00a0\u00bbcenter\u00a0\u00bb custom_margin=\u00a0\u00bb|0px||0px|false|false\u00a0\u00bb custom_padding=\u00a0\u00bb|||\u00a0\u00bb][et_pb_column type=\u00a0\u00bb1_2&Prime; _builder_version=\u00a0\u00bb3.25&Prime; custom_padding=\u00a0\u00bb|||\u00a0\u00bb custom_padding__hover=\u00a0\u00bb|||\u00a0\u00bb][et_pb_text _builder_version=\u00a0\u00bb3.27.4&Prime; text_font=\u00a0\u00bb||||||||\u00a0\u00bb header_font=\u00a0\u00bb||||||||\u00a0\u00bb header_3_font=\u00a0\u00bbPoppins|600|||||||\u00a0\u00bb header_3_text_color=\u00a0\u00bb#44d89e\u00a0\u00bb header_3_font_size=\u00a0\u00bb36px\u00a0\u00bb header_3_line_height=\u00a0\u00bb1.4em\u00a0\u00bb]<\/p>\n<h3 style=\"text-align: center;\"><span style=\"color: #373a50;\">Hizmetinizde olan bir ekip\u00a0<\/span><\/h3>\n<p>[\/et_pb_text][et_pb_text _builder_version=\u00a0\u00bb4.4.6&Prime; text_font=\u00a0\u00bbOpen Sans||||||||\u00a0\u00bb text_text_color=\u00a0\u00bb#486066&Prime; text_font_size=\u00a0\u00bb15px\u00a0\u00bb text_line_height=\u00a0\u00bb1.8em\u00a0\u00bb header_font=\u00a0\u00bb||||||||\u00a0\u00bb]<\/p>\n<p>2014 y\u0131l\u0131ndan beri Frans\u0131zca \u00f6\u011frenmenizde size e\u015flik ediyoruz. Zaman i\u00e7inde sizinle herg\u00fcn ilgilenecek kendi e\u011fitmen kadromuzu olu\u015fturduk. Frans\u0131zca dilinde e\u011fitim veren okullarda e\u011fitim hayatlar\u0131n\u0131 devam ettiren \u00e7ocuklar\u0131n\u0131za bu s\u00fcre\u00e7 i\u00e7erisinde yard\u0131mc\u0131 olmak, Delf-Dalf s\u0131navlar\u0131na haz\u0131rlamak  veyahut Fransa\u2019da okumak ya da \u00e7ok basit\u00e7e Frans\u0131zca\u2019ya olan tutkunuz olsun bu hedeflerinizi ger\u00e7ekle\u015ftirebilmeniz i\u00e7in sizin hep yan\u0131n\u0131zda olaca\u011f\u0131z.\u00a0<\/p>\n<p>[\/et_pb_text][et_pb_testimonial author=\u00a0\u00bbVictor, Directeur de l&rsquo;Atetier\u00a0\u00bb portrait_url=\u00a0\u00bbhttp:\/\/atelierdufrancais.com.tr\/wp-content\/uploads\/2020\/05\/WhatsApp-Image-2020-05-11-at-00.43.39.jpeg\u00a0\u00bb quote_icon=\u00a0\u00bboff\u00a0\u00bb portrait_width=\u00a0\u00bb79px\u00a0\u00bb portrait_height=\u00a0\u00bb79px\u00a0\u00bb _builder_version=\u00a0\u00bb4.4.6&Prime; body_font=\u00a0\u00bbOpen Sans||||||||\u00a0\u00bb body_text_color=\u00a0\u00bb#486066&Prime; body_font_size=\u00a0\u00bb15px\u00a0\u00bb body_line_height=\u00a0\u00bb1.8em\u00a0\u00bb use_background_color=\u00a0\u00bboff\u00a0\u00bb border_radii=\u00a0\u00bbon|14px|14px|14px|14px\u00a0\u00bb border_radii_portrait=\u00a0\u00bbon|70px|70px|70px|70px\u00a0\u00bb]<\/p>\n<p>10 seneden beri \u00f6\u011fretmenlik yap\u0131yorum. Frans\u0131z K\u00fclt\u00fcr\u2019deki 5 senemin ard\u0131ndan kendi \u00f6\u011fretim perspektifimi sunmak amac\u0131yla 2014\u2019te l\u2019Atelier du Fran\u00e7ais\u2019yi kurmaya karar verdim.T\u0131pk\u0131 ilk g\u00fcnde tutkulu oldu\u011fum gibi, bir yandan Atelier ile ilgilenirken \u00fcniversiteki koordinat\u00f6r g\u00f6revine devam ediyorum.\u00a0<\/p>\n<p>[\/et_pb_testimonial][\/et_pb_column][et_pb_column type=\u00a0\u00bb1_2&Prime; _builder_version=\u00a0\u00bb3.25&Prime; custom_padding=\u00a0\u00bb|||\u00a0\u00bb custom_padding__hover=\u00a0\u00bb|||\u00a0\u00bb][et_pb_image src=\u00a0\u00bbhttp:\/\/atelierdufrancais.com.tr\/wp-content\/uploads\/2020\/05\/selin.jpg\u00a0\u00bb title_text=\u00a0\u00bbselin\u00a0\u00bb align_tablet=\u00a0\u00bbcenter\u00a0\u00bb align_phone=\u00a0\u00bb\u00a0\u00bb align_last_edited=\u00a0\u00bbon|desktop\u00a0\u00bb _builder_version=\u00a0\u00bb4.4.6&Prime; animation_style=\u00a0\u00bbslide\u00a0\u00bb animation_direction=\u00a0\u00bbleft\u00a0\u00bb animation_intensity_slide=\u00a0\u00bb8%\u00a0\u00bb][\/et_pb_image][et_pb_testimonial author=\u00a0\u00bbSelin, Directrice des cours\u00a0\u00bb portrait_url=\u00a0\u00bbhttp:\/\/atelierdufrancais.com.tr\/wp-content\/uploads\/2020\/05\/seliii.jpg\u00a0\u00bb quote_icon=\u00a0\u00bboff\u00a0\u00bb portrait_width=\u00a0\u00bb79px\u00a0\u00bb portrait_height=\u00a0\u00bb79px\u00a0\u00bb _builder_version=\u00a0\u00bb4.4.6&Prime; body_font=\u00a0\u00bbOpen Sans||||||||\u00a0\u00bb body_text_color=\u00a0\u00bb#486066&Prime; body_font_size=\u00a0\u00bb15px\u00a0\u00bb body_line_height=\u00a0\u00bb1.8em\u00a0\u00bb use_background_color=\u00a0\u00bboff\u00a0\u00bb border_radii=\u00a0\u00bbon|14px|14px|14px|14px\u00a0\u00bb border_radii_portrait=\u00a0\u00bbon|70px|70px|70px|70px\u00a0\u00bb]<\/p>\n<p>\u00d6\u011fretmenlik mesle\u011fi ile 3 y\u0131l \u00f6nce tan\u0131\u015ft\u0131m ve \u00f6\u011fretmek benim i\u00e7in \u00e7ok h\u0131zl\u0131 bir bi\u00e7imde ger\u00e7ek bir tutku haline d\u00f6n\u00fc\u015ft\u00fc. Delf-Dalf s\u0131navlar\u0131ndaki j\u00fcri \u00fcyeli\u011fime devam ediyorum ve At\u00f6lyemizde ba\u015far\u0131n\u0131z i\u00e7in t\u00fcm neferimle \u00e7al\u0131\u015f\u0131yorum.\u00a0<\/p>\n<p>[\/et_pb_testimonial][\/et_pb_column][\/et_pb_row][\/et_pb_section]<\/p>","protected":false},"excerpt":{"rendered":"<p>Une \u00e9quipe \u00e0 votre \u00e9coute\u00a0Depuis 2014 nous vous accompagnons dans votre apprentissage du fran\u00e7ais. Avec le temps nous avons su forger une v\u00e9ritable expertise de l&rsquo;enseignement que nous mettons \u00e0 votre service chaque jour. Que ce soit pour l&rsquo;accompagnement de vos enfants scolaris\u00e9s dans les \u00e9coles francophones, dans le but de se pr\u00e9parer aux examens [&hellip;]<\/p>","protected":false},"author":1,"featured_media":0,"parent":0,"menu_order":0,"comment_status":"closed","ping_status":"closed","template":"","meta":{"_et_pb_use_builder":"on","_et_pb_old_content":"<!-- wp:divi\/placeholder \/-->","_et_gb_content_width":"","footnotes":""},"class_list":["post-51","page","type-page","status-publish","hentry"],"aioseo_notices":[],"_links":{"self":[{"href":"https:\/\/atelierdufrancais.com.tr\/tr\/wp-json\/wp\/v2\/pages\/51","targetHints":{"allow":["GET"]}}],"collection":[{"href":"https:\/\/atelierdufrancais.com.tr\/tr\/wp-json\/wp\/v2\/pages"}],"about":[{"href":"https:\/\/atelierdufrancais.com.tr\/tr\/wp-json\/wp\/v2\/types\/page"}],"author":[{"embeddable":true,"href":"https:\/\/atelierdufrancais.com.tr\/tr\/wp-json\/wp\/v2\/users\/1"}],"replies":[{"embeddable":true,"href":"https:\/\/atelierdufrancais.com.tr\/tr\/wp-json\/wp\/v2\/comments?post=51"}],"version-history":[{"count":11,"href":"https:\/\/atelierdufrancais.com.tr\/tr\/wp-json\/wp\/v2\/pages\/51\/revisions"}],"predecessor-version":[{"id":809,"href":"https:\/\/atelierdufrancais.com.tr\/tr\/wp-json\/wp\/v2\/pages\/51\/revisions\/809"}],"wp:attachment":[{"href":"https:\/\/atelierdufrancais.com.tr\/tr\/wp-json\/wp\/v2\/media?parent=51"}],"curies":[{"name":"wp","href":"https:\/\/api.w.org\/{rel}","templated":true}]}}