{"id":48,"date":"2020-05-10T23:10:02","date_gmt":"2020-05-10T21:10:02","guid":{"rendered":"http:\/\/atelierdufrancais.com.tr\/?page_id=48"},"modified":"2020-05-20T13:04:37","modified_gmt":"2020-05-20T11:04:37","slug":"a-propos","status":"publish","type":"page","link":"https:\/\/atelierdufrancais.com.tr\/tr\/a-propos\/","title":{"rendered":"Hakk\u0131nda"},"content":{"rendered":"<p>[et_pb_section fb_built=\u00a0\u00bb1&Prime; admin_label=\u00a0\u00bbAbout Us Section\u00a0\u00bb _builder_version=\u00a0\u00bb4.4.7&Prime; hover_enabled=\u00a0\u00bb0&Prime; background_color=\u00a0\u00bb#ffffff\u00a0\u00bb][et_pb_row column_structure=\u00a0\u00bb1_2,1_2&Prime; admin_label=\u00a0\u00bbRow\u00a0\u00bb _builder_version=\u00a0\u00bb4.4.6&Prime; custom_padding=\u00a0\u00bb|||\u00a0\u00bb][et_pb_column type=\u00a0\u00bb1_2&Prime; _builder_version=\u00a0\u00bb3.25&Prime; custom_padding=\u00a0\u00bb|||\u00a0\u00bb custom_padding__hover=\u00a0\u00bb|||\u00a0\u00bb][et_pb_text _builder_version=\u00a0\u00bb4.4.6&Prime; text_font=\u00a0\u00bb||||||||\u00a0\u00bb text_text_color=\u00a0\u00bb#0C71C3&Prime; header_font=\u00a0\u00bb||||||||\u00a0\u00bb header_3_font=\u00a0\u00bbPoppins|600|||||||\u00a0\u00bb header_3_text_color=\u00a0\u00bb#44d89e\u00a0\u00bb header_3_font_size=\u00a0\u00bb36px\u00a0\u00bb header_3_line_height=\u00a0\u00bb1.4em\u00a0\u00bb]<\/p>\n<h3 style=\"text-align: center;\"><span style=\"color: #8ab982;\">Yenilik\u00e7i ve Dinamik bir Frans\u0131zca kursu\u00a0<\/span><\/h3>\n<p>[\/et_pb_text][et_pb_text _builder_version=\u00a0\u00bb4.4.6&Prime; text_font=\u00a0\u00bbOpen Sans||||||||\u00a0\u00bb text_text_color=\u00a0\u00bb#486066&Prime; text_font_size=\u00a0\u00bb15px\u00a0\u00bb text_line_height=\u00a0\u00bb1.8em\u00a0\u00bb header_font=\u00a0\u00bb||||||||\u00a0\u00bb]<\/p>\n<p style=\"text-align: justify;\">L\u2019Atelier du Fran\u00e7ais 2014\u2019ten beri sizlerle beraber.  Bu tarihten itibaren  Frans\u0131zca'y\u0131 m\u00fcmk\u00fcn mertebe en iyi \u015fekilde \u00f6\u011fretmek  i\u00e7in pedagojik planlamalar yaparak \u00f6\u011fretim tekni\u011fimizi hep yeniledik. L\u2019Atelier\u2019 e gelin ve Atelier'nin kendine \u00f6zg\u00fc  ortam\u0131n\u0131 ke\u015ffederek  Frans\u0131zca'n\u0131n asl\u0131nda zor bir dil olmad\u0131\u011f\u0131n\u0131 kendiniz deneyimleyin.\u00a0<\/p>\n<p>[\/et_pb_text][et_pb_testimonial author=\u00a0\u00bbVictor Philip, Directeur de l&rsquo;Atelier\u00a0\u00bb portrait_url=\u00a0\u00bbhttp:\/\/atelierdufrancais.com.tr\/wp-content\/uploads\/2020\/05\/WhatsApp-Image-2020-05-11-at-00.43.39.jpeg\u00a0\u00bb quote_icon=\u00a0\u00bboff\u00a0\u00bb portrait_width=\u00a0\u00bb79px\u00a0\u00bb portrait_height=\u00a0\u00bb79px\u00a0\u00bb _builder_version=\u00a0\u00bb4.4.7&Prime; body_font=\u00a0\u00bbOpen Sans||||||||\u00a0\u00bb body_text_color=\u00a0\u00bb#486066&Prime; body_font_size=\u00a0\u00bb15px\u00a0\u00bb body_line_height=\u00a0\u00bb1.8em\u00a0\u00bb use_background_color=\u00a0\u00bboff\u00a0\u00bb hover_enabled=\u00a0\u00bb0&Prime; border_radii=\u00a0\u00bbon|14px|14px|14px|14px\u00a0\u00bb border_radii_portrait=\u00a0\u00bbon|70px|70px|70px|70px\u00a0\u00bb]<\/p>\n<p>10 seneden beri \u00f6\u011fretmenlik yap\u0131yorum. Frans\u0131z K\u00fclt\u00fcr\u2019deki 5 senemin ard\u0131ndan kendi \u00f6\u011fretim perspektifimi sunmak amac\u0131yla 2014\u2019te l\u2019Atelier du Fran\u00e7ais\u2019yi kurmaya karar verdim.T\u0131pk\u0131 ilk g\u00fcnde tutkulu oldu\u011fum gibi, bir yandan Atelier ile ilgilenirken \u00fcniversiteki koordinat\u00f6r g\u00f6revine devam ediyorum.\u00a0<\/p>\n<p>[\/et_pb_testimonial][\/et_pb_column][et_pb_column type=\u00a0\u00bb1_2&Prime; _builder_version=\u00a0\u00bb3.25&Prime; custom_padding=\u00a0\u00bb|||\u00a0\u00bb custom_padding__hover=\u00a0\u00bb|||\u00a0\u00bb][et_pb_image src=\u00a0\u00bbhttp:\/\/atelierdufrancais.com.tr\/wp-content\/uploads\/2020\/05\/test-a-propos.jpg\u00a0\u00bb title_text=\u00a0\u00bbtest a propos\u00a0\u00bb align_tablet=\u00a0\u00bbcenter\u00a0\u00bb align_phone=\u00a0\u00bb\u00a0\u00bb align_last_edited=\u00a0\u00bbon|desktop\u00a0\u00bb _builder_version=\u00a0\u00bb4.4.6&Prime; animation_style=\u00a0\u00bbslide\u00a0\u00bb animation_direction=\u00a0\u00bbleft\u00a0\u00bb animation_intensity_slide=\u00a0\u00bb8%\u00a0\u00bb][\/et_pb_image][\/et_pb_column][\/et_pb_row][\/et_pb_section][et_pb_section fb_built=\u00a0\u00bb1&Prime; admin_label=\u00a0\u00bbTestimonials Section\u00a0\u00bb _builder_version=\u00a0\u00bb4.4.7&Prime; background_color_gradient_direction=\u00a0\u00bb75deg\u00a0\u00bb min_height=\u00a0\u00bb796px\u00a0\u00bb custom_padding=\u00a0\u00bb110px|0px|110px|0px\u00a0\u00bb hover_enabled=\u00a0\u00bb0&Prime; background_color=\u00a0\u00bb#373A50 \u00ab\u00a0][et_pb_row _builder_version=\u00a0\u00bb4.4.6&Prime; locked=\u00a0\u00bboff\u00a0\u00bb][et_pb_column type=\u00a0\u00bb4_4&Prime; _builder_version=\u00a0\u00bb3.25&Prime; custom_padding=\u00a0\u00bb|||\u00a0\u00bb custom_padding__hover=\u00a0\u00bb|||\u00a0\u00bb][et_pb_text _builder_version=\u00a0\u00bb3.27.4&Prime; text_font=\u00a0\u00bb||||||||\u00a0\u00bb header_font=\u00a0\u00bb||||||||\u00a0\u00bb header_text_align=\u00a0\u00bbcenter\u00a0\u00bb header_3_font=\u00a0\u00bbPoppins|600|||||||\u00a0\u00bb header_3_font_size=\u00a0\u00bb36px\u00a0\u00bb header_3_line_height=\u00a0\u00bb1.4em\u00a0\u00bb text_orientation=\u00a0\u00bbcenter\u00a0\u00bb background_layout=\u00a0\u00bbdark\u00a0\u00bb]<\/p>\n<h3>Hakk\u0131m\u0131zda S\u00f6ylenenler<\/h3>\n<p>[\/et_pb_text][\/et_pb_column][\/et_pb_row][et_pb_row column_structure=\u00a0\u00bb1_3,1_3,1_3&Prime; use_custom_gutter=\u00a0\u00bbon\u00a0\u00bb gutter_width=\u00a0\u00bb2&Prime; column_padding_mobile=\u00a0\u00bbon\u00a0\u00bb custom_padding_last_edited=\u00a0\u00bbon|phone\u00a0\u00bb admin_label=\u00a0\u00bbRow\u00a0\u00bb _builder_version=\u00a0\u00bb4.4.6&Prime; background_size=\u00a0\u00bbinitial\u00a0\u00bb background_position=\u00a0\u00bbtop_left\u00a0\u00bb background_repeat=\u00a0\u00bbrepeat\u00a0\u00bb custom_padding=\u00a0\u00bb|||\u00a0\u00bb custom_padding_tablet=\u00a0\u00bb49px|||\u00a0\u00bb custom_padding_phone=\u00a0\u00bb19px|||\u00a0\u00bb][et_pb_column type=\u00a0\u00bb1_3&Prime; _builder_version=\u00a0\u00bb3.25&Prime; custom_padding=\u00a0\u00bb|||\u00a0\u00bb custom_padding__hover=\u00a0\u00bb|||\u00a0\u00bb][et_pb_testimonial author=\u00a0\u00bbSimay \u00a0\u00bb job_title=\u00a0\u00bbLyc\u00e9enne \u00a0\u00bb portrait_url=\u00a0\u00bbhttp:\/\/atelierdufrancais.com.tr\/wp-content\/uploads\/2020\/05\/20181004_180323.jpg\u00a0\u00bb quote_icon=\u00a0\u00bboff\u00a0\u00bb portrait_width=\u00a0\u00bb101px\u00a0\u00bb portrait_height=\u00a0\u00bb101px\u00a0\u00bb _builder_version=\u00a0\u00bb4.4.6&Prime; body_font=\u00a0\u00bbOpen Sans||||||||\u00a0\u00bb body_text_color=\u00a0\u00bb#486066&Prime; body_font_size=\u00a0\u00bb15px\u00a0\u00bb body_line_height=\u00a0\u00bb1.8em\u00a0\u00bb background_color=\u00a0\u00bb#ffffff\u00a0\u00bb animation_style=\u00a0\u00bbfade\u00a0\u00bb border_radii=\u00a0\u00bbon|6px|6px|6px|6px\u00a0\u00bb border_radii_portrait=\u00a0\u00bbon|50px|50px|50px|50px\u00a0\u00bb box_shadow_style=\u00a0\u00bbpreset1&Prime; box_shadow_vertical=\u00a0\u00bb10px\u00a0\u00bb box_shadow_blur=\u00a0\u00bb24px\u00a0\u00bb box_shadow_spread=\u00a0\u00bb6px\u00a0\u00bb box_shadow_color=\u00a0\u00bbrgba(0,0,0,0.06)\u00a0\u00bb locked=\u00a0\u00bboff\u00a0\u00bb]<\/p>\n<p>\u201cHaz\u0131rl\u0131k senesi ile beraber Atelier\u2019ye \ngitmeye ba\u015flad\u0131m. Bu karar\u0131mdan hi\u00e7 pi\u015fman de\u011filim. Atelier\u2019deki kurslar sayesinde okul benim i\u00e7in \u015fimdi \u00e7ok kolay .\u015eu anda ise B2 diplomam var ve Fransa\u2019ya okumaya gidece\u011fim.\u201d<\/p>\n<p>[\/et_pb_testimonial][\/et_pb_column][et_pb_column type=\u00a0\u00bb1_3&Prime; _builder_version=\u00a0\u00bb3.25&Prime; custom_padding=\u00a0\u00bb|||\u00a0\u00bb custom_padding__hover=\u00a0\u00bb|||\u00a0\u00bb][et_pb_testimonial author=\u00a0\u00bbSinan\u00a0\u00bb job_title=\u00a0\u00bbRetrait\u00e9\u00a0\u00bb portrait_url=\u00a0\u00bbhttp:\/\/atelierdufrancais.com.tr\/wp-content\/uploads\/2020\/05\/WhatsApp-Image-2020-05-11-at-02.36.11.jpg\u00a0\u00bb quote_icon=\u00a0\u00bboff\u00a0\u00bb portrait_width=\u00a0\u00bb101px\u00a0\u00bb portrait_height=\u00a0\u00bb101px\u00a0\u00bb _builder_version=\u00a0\u00bb4.4.6&Prime; body_font=\u00a0\u00bbOpen Sans||||||||\u00a0\u00bb body_text_color=\u00a0\u00bb#486066&Prime; body_font_size=\u00a0\u00bb15px\u00a0\u00bb body_line_height=\u00a0\u00bb1.8em\u00a0\u00bb background_color=\u00a0\u00bb#ffffff\u00a0\u00bb animation_style=\u00a0\u00bbfade\u00a0\u00bb border_radii=\u00a0\u00bbon|6px|6px|6px|6px\u00a0\u00bb border_radii_portrait=\u00a0\u00bbon|50px|50px|50px|50px\u00a0\u00bb box_shadow_style=\u00a0\u00bbpreset1&Prime; box_shadow_vertical=\u00a0\u00bb10px\u00a0\u00bb box_shadow_blur=\u00a0\u00bb24px\u00a0\u00bb box_shadow_spread=\u00a0\u00bb6px\u00a0\u00bb box_shadow_color=\u00a0\u00bbrgba(0,0,0,0.06)\u00a0\u00bb locked=\u00a0\u00bboff\u00a0\u00bb]<\/p>\n<p>\u201cBen y\u0131llard\u0131r Atelier\u2019ye geliyorum. Atelier'nin ortam\u0131n\u0131 \u00e7ok be\u011feniyorum. Zamanla \u00e7ok samimi olduk. \u00dcstelik g\u00fcndemdeki konular \u00fczerine dersleri kendileri haz\u0131rl\u0131yorlar, ger\u00e7ekten \u00e7ok keyifli.''\u00a0<\/p>\n<p>[\/et_pb_testimonial][\/et_pb_column][et_pb_column type=\u00a0\u00bb1_3&Prime; _builder_version=\u00a0\u00bb3.25&Prime; custom_padding=\u00a0\u00bb|||\u00a0\u00bb custom_padding__hover=\u00a0\u00bb|||\u00a0\u00bb][et_pb_testimonial author=\u00a0\u00bbEzgi \u00a0\u00bb job_title=\u00a0\u00bbEtudiante en France\u00a0\u00bb portrait_url=\u00a0\u00bbhttp:\/\/atelierdufrancais.com.tr\/wp-content\/uploads\/2020\/05\/WhatsApp-Image-2020-05-11-at-02.48.01.jpg\u00a0\u00bb quote_icon=\u00a0\u00bboff\u00a0\u00bb portrait_width=\u00a0\u00bb101px\u00a0\u00bb portrait_height=\u00a0\u00bb101px\u00a0\u00bb _builder_version=\u00a0\u00bb4.4.6&Prime; body_font=\u00a0\u00bbOpen Sans||||||||\u00a0\u00bb body_text_color=\u00a0\u00bb#486066&Prime; body_font_size=\u00a0\u00bb15px\u00a0\u00bb body_line_height=\u00a0\u00bb1.8em\u00a0\u00bb background_color=\u00a0\u00bb#ffffff\u00a0\u00bb animation_style=\u00a0\u00bbfade\u00a0\u00bb border_radii=\u00a0\u00bbon|6px|6px|6px|6px\u00a0\u00bb border_radii_portrait=\u00a0\u00bbon|50px|50px|50px|50px\u00a0\u00bb box_shadow_style=\u00a0\u00bbpreset1&Prime; box_shadow_vertical=\u00a0\u00bb10px\u00a0\u00bb box_shadow_blur=\u00a0\u00bb24px\u00a0\u00bb box_shadow_spread=\u00a0\u00bb6px\u00a0\u00bb box_shadow_color=\u00a0\u00bbrgba(0,0,0,0.06)\u00a0\u00bb locked=\u00a0\u00bboff\u00a0\u00bb custom_padding=\u00a0\u00bb||59px|||\u00a0\u00bb min_height=\u00a0\u00bb430px\u00a0\u00bb]<\/p>\n<p>\u201cL\u2019Atelier\u2019in e\u011fitmenleri Delf-Dalf s\u0131navlar\u0131nda j\u00fcri olduklar\u0131 i\u00e7in, s\u0131nav\u0131ma \u00e7ok iyi \nhaz\u0131rlanabildim ve hi\u00e7 zorluk ya\u015famadan Dalf C1\u2019i ge\u00e7tim.\u201d\u00a0 \u00a0 \u00a0 \u00a0 \u00a0 \u00a0 \u00a0 \u00a0 \u00a0 \u00a0 \u00a0 \u00a0 \u00a0 \u00a0 \u00a0 \u00a0 \u00a0\u00a0<\/p>\n<p>[\/et_pb_testimonial][\/et_pb_column][\/et_pb_row][\/et_pb_section]<\/p>","protected":false},"excerpt":{"rendered":"<p>Une \u00e9cole de fran\u00e7ais novatrice et conviviale\u00a0L&rsquo;Atelier Du Fran\u00e7ais existe depuis 2014 et depuis cette date nous n&rsquo;avons cess\u00e9 de renouveler nos techniques d&rsquo;enseignement, de repenser la p\u00e9dagogie afin de proposer le meilleur enseignement possible du fran\u00e7ais. Venez \u00e0 l&rsquo;Atelier et d\u00e9couvrez notre ambiance unique et arr\u00eatez de penser que le fran\u00e7ais est une langue [&hellip;]<\/p>","protected":false},"author":1,"featured_media":0,"parent":0,"menu_order":0,"comment_status":"closed","ping_status":"closed","template":"","meta":{"_et_pb_use_builder":"on","_et_pb_old_content":"","_et_gb_content_width":"","footnotes":""},"class_list":["post-48","page","type-page","status-publish","hentry"],"aioseo_notices":[],"_links":{"self":[{"href":"https:\/\/atelierdufrancais.com.tr\/tr\/wp-json\/wp\/v2\/pages\/48","targetHints":{"allow":["GET"]}}],"collection":[{"href":"https:\/\/atelierdufrancais.com.tr\/tr\/wp-json\/wp\/v2\/pages"}],"about":[{"href":"https:\/\/atelierdufrancais.com.tr\/tr\/wp-json\/wp\/v2\/types\/page"}],"author":[{"embeddable":true,"href":"https:\/\/atelierdufrancais.com.tr\/tr\/wp-json\/wp\/v2\/users\/1"}],"replies":[{"embeddable":true,"href":"https:\/\/atelierdufrancais.com.tr\/tr\/wp-json\/wp\/v2\/comments?post=48"}],"version-history":[{"count":16,"href":"https:\/\/atelierdufrancais.com.tr\/tr\/wp-json\/wp\/v2\/pages\/48\/revisions"}],"predecessor-version":[{"id":807,"href":"https:\/\/atelierdufrancais.com.tr\/tr\/wp-json\/wp\/v2\/pages\/48\/revisions\/807"}],"wp:attachment":[{"href":"https:\/\/atelierdufrancais.com.tr\/tr\/wp-json\/wp\/v2\/media?parent=48"}],"curies":[{"name":"wp","href":"https:\/\/api.w.org\/{rel}","templated":true}]}}